{"id":70,"date":"2021-02-10T18:56:36","date_gmt":"2021-02-10T18:56:36","guid":{"rendered":"http:\/\/www.crd.hr\/wp\/?page_id=70"},"modified":"2021-03-01T17:44:09","modified_gmt":"2021-03-01T17:44:09","slug":"predmet-mjerenja","status":"publish","type":"page","link":"https:\/\/www.crd.hr\/wp\/?page_id=70","title":{"rendered":"Predmet mjerenja"},"content":{"rendered":"\n\n&nbsp;&nbsp;<img decoding=\"async\" src=\"http:\/\/www.crd.hr\/wp\/wp-content\/uploads\/2021\/03\/a1.jpg\" alt=\"\" pl-media-id=\"420\" width=\"300px\">&nbsp;&nbsp;&nbsp;<img decoding=\"async\" src=\"http:\/\/www.crd.hr\/wp\/wp-content\/uploads\/2021\/03\/a2.jpg\" alt=\"\" pl-media-id=\"419\" width=\"300px\">\n\n\n\n\n<p style=\"font-style: normal; font-variant-ligatures: normal; font-variant-caps: normal; font-weight: 400; font-size: 16px; font-family: &quot;Times New Roman&quot;;\"><span style=\"color: rgb(0, 0, 0);\">CRD serija sadr\u017ei 38 standardiziranih testova namijenjenih ispitivanju perceptivnih sposobnosti, mi\u0161ljenja i pam\u0107enja, te razli\u010ditih oblika psihomotornih reakcija.<\/span><\/p><span style=\"color: rgb(0, 0, 0);\"><br><\/span><p style=\"font-style: normal; font-variant-ligatures: normal; font-variant-caps: normal; font-weight: 400; font-size: 16px; font-family: &quot;Times New Roman&quot;;\"><span style=\"color: rgb(0, 0, 0);\">Pra\u0107enjem parcijalne u\u010dinkovitosti tijekom rje\u0161avanja svih testova CRD serije mogu\u0107e je utvrditi dinami\u010dke zna\u010dajke funkcioniranja S\u017dS i funkcionalne osobine va\u017ene za diferencijalnu dijagnostiku, profesionalni izbor i savjetovanje, te za dijagnostiku i pra\u0107enje u klini\u010dkoj praksi.<\/span><\/p><span style=\"color: rgb(0, 0, 0);\"><br><\/span><p style=\"font-style: normal; font-variant-ligatures: normal; font-variant-caps: normal; font-size: 16px; font-family: &quot;Times New Roman&quot;;\"><strong style=\"color: rgb(0, 0, 0);\">PERCEPTIVNE SPOSOBNOSTI<\/strong><\/p><p style=\"font-style: normal; font-variant-ligatures: normal; font-variant-caps: normal; font-size: 16px; font-family: &quot;Times New Roman&quot;;\"><span style=\"color: rgb(0, 0, 0);\"><span style=\"font-weight: 400;\">1. <\/span><strong>OPA\u017dAJ<\/strong>; uo\u010davanje pojave i trenutka promjene atributa zvu\u010dnih i svjetlosnih signala;<\/span><\/p><p style=\"font-style: normal; font-variant-ligatures: normal; font-variant-caps: normal; font-size: 16px; font-family: &quot;Times New Roman&quot;;\"><span style=\"color: rgb(0, 0, 0);\"><span style=\"font-weight: 400;\">2. <\/span><strong>RAZLIKOVANJE<\/strong>; (diskriminacija) zna\u010dajki svjetlosnih i zvu\u010dnih signala, te vizuelnih konstrukata (likova);<\/span><\/p><p style=\"font-style: normal; font-variant-ligatures: normal; font-variant-caps: normal; font-size: 16px; font-family: &quot;Times New Roman&quot;;\"><span style=\"color: rgb(0, 0, 0);\"><span style=\"font-weight: 400;\">3. <\/span><strong>PREPOZNAVANJE<\/strong>; (identifikacija) i uo\u010davanje aktuelnog perceptivnog sadr\u017eaja;<\/span><\/p><p style=\"font-style: normal; font-variant-ligatures: normal; font-variant-caps: normal; font-size: 16px; font-family: &quot;Times New Roman&quot;;\"><span style=\"color: rgb(0, 0, 0);\"><span style=\"font-weight: 400;\">4. <\/span><strong>VIZUELNA ORIJENTACIJA<\/strong>; snala\u017eenje u prostoru pomo\u0107u vizuelnih orijentira; pronala\u017eenje latentne lokacije aktuelnih signala;<\/span><\/p><p style=\"font-style: normal; font-variant-ligatures: normal; font-variant-caps: normal; font-size: 16px; font-family: &quot;Times New Roman&quot;;\"><span style=\"color: rgb(0, 0, 0);\"><span style=\"font-weight: 400;\">5. <\/span><strong>SPACIJALNA VIZUELIZACIJA<\/strong>; prepoznavanje likova rotiranih u prostoru.<\/span><\/p><span style=\"color: rgb(0, 0, 0);\"><br><\/span><p style=\"font-style: normal; font-variant-ligatures: normal; font-variant-caps: normal; font-size: 16px; font-family: &quot;Times New Roman&quot;;\"><strong style=\"color: rgb(0, 0, 0);\">PAM\u0106ENJE<\/strong><\/p><p style=\"font-style: normal; font-variant-ligatures: normal; font-variant-caps: normal; font-size: 16px; font-family: &quot;Times New Roman&quot;;\"><span style=\"color: rgb(0, 0, 0);\"><span style=\"font-weight: 400;\">1. <\/span><strong>KRATKORO\u0106NO PAM\u0106ENJE<\/strong>; obuhvat trenutnog (senzornog) pam\u0107enja, aktualizacija stereotipa S-R odnosa (signal-odgovor);<\/span><\/p><p style=\"font-style: normal; font-variant-ligatures: normal; font-variant-caps: normal; font-size: 16px; font-family: &quot;Times New Roman&quot;;\"><span style=\"color: rgb(0, 0, 0);\"><span style=\"font-weight: 400;\">2. <\/span><strong>U\u010cENJE LABIRINTA<\/strong>; memoriranje putanje s 9 to\u010daka alternativog izbora;<\/span><\/p><p style=\"font-style: normal; font-variant-ligatures: normal; font-variant-caps: normal; font-size: 16px; font-family: &quot;Times New Roman&quot;;\"><span style=\"color: rgb(0, 0, 0);\"><span style=\"font-weight: 400;\">3. <\/span><strong>AKTUALIZACIJA MEMORIRANOG SADR\u017dAJA<\/strong>; dosje\u0107anje, aktualizacija stereotipa S-R odnosa (signal-odgovor).<\/span><\/p><span style=\"color: rgb(0, 0, 0);\"><br><\/span><p style=\"font-style: normal; font-variant-ligatures: normal; font-variant-caps: normal; font-size: 16px; font-family: &quot;Times New Roman&quot;;\"><strong style=\"color: rgb(0, 0, 0);\">MI\u0160LJENJE<\/strong><\/p><p style=\"font-style: normal; font-variant-ligatures: normal; font-variant-caps: normal; font-size: 16px; font-family: &quot;Times New Roman&quot;;\"><span style=\"color: rgb(0, 0, 0);\"><span style=\"font-weight: 400;\">1. <\/span><strong>OPERATIVNO MI\u0160LJENJE<\/strong>; vo|enje koordiniranog djelovanja ruku i nogu prema obrascima svjetlosnih i zvu\u010dnih podra\u017eaja;<\/span><\/p><p style=\"font-style: normal; font-variant-ligatures: normal; font-variant-caps: normal; font-size: 16px; font-family: &quot;Times New Roman&quot;;\"><span style=\"color: rgb(0, 0, 0);\"><span style=\"font-weight: 400;\">2, <\/span><strong>ZAKLJU\u010cIVANJE<\/strong>; (rezoniranje), otkrivanje odnosa, AHA-fenomen;<\/span><\/p><p style=\"font-style: normal; font-variant-ligatures: normal; font-variant-caps: normal; font-size: 16px; font-family: &quot;Times New Roman&quot;;\"><span style=\"color: rgb(0, 0, 0);\"><span style=\"font-weight: 400;\">3. <\/span><strong>RJE\u0160AVANJE PROBLEMA<\/strong>; konvergentno mi\u0161ljenje.<\/span><\/p><span style=\"color: rgb(0, 0, 0);\"><br><\/span><p style=\"font-style: normal; font-variant-ligatures: normal; font-variant-caps: normal; font-size: 16px; font-family: &quot;Times New Roman&quot;;\"><strong style=\"color: rgb(0, 0, 0);\">PSIHOMOTORNE REAKCIJE<\/strong><\/p><p style=\"font-style: normal; font-variant-ligatures: normal; font-variant-caps: normal; font-size: 16px; font-family: &quot;Times New Roman&quot;;\"><span style=\"color: rgb(0, 0, 0);\"><span style=\"font-weight: 400;\">1. <\/span><strong>JEDNOSTAVNA REAKCIJA <\/strong>(RT) pojedinih ekstremiteta na razli\u010dite atribute (ja\u010dinu, frekvenciju) svjetlosnih i zvu\u010dnih podra\u017eaja (pritiskanjem ili otpu\u0161tanjem tipki-pedala);<\/span><\/p><p style=\"font-style: normal; font-variant-ligatures: normal; font-variant-caps: normal; font-size: 16px; font-family: &quot;Times New Roman&quot;;\"><span style=\"color: rgb(0, 0, 0);\"><span style=\"font-weight: 400;\">2. <\/span><strong>SLO\u017dENA PSIHOMOTORNA REAKCIJA <\/strong>na razli\u010dito slo\u017eene podra\u017eajne sklopove svjetlosnih i zvu\u010dnih signala razli\u010ditim kombinacijama ekstremiteta.<\/span><\/p><span style=\"color: rgb(0, 0, 0);\"><br><\/span><p style=\"font-style: normal; font-variant-ligatures: normal; font-variant-caps: normal; font-size: 16px; font-family: &quot;Times New Roman&quot;;\"><strong style=\"color: rgb(0, 0, 0);\">DINAMI\u010cKE ZNA\u010cAJKE FUNKCIONIRANJA SREDI\u0160NJEG \u017dIV\u010cANOG SUSTAVA<\/strong><\/p><p style=\"font-style: normal; font-variant-ligatures: normal; font-variant-caps: normal; font-size: 16px; font-family: &quot;Times New Roman&quot;;\"><span style=\"color: rgb(0, 0, 0);\"><span style=\"font-weight: 400;\">1. <\/span><strong>BRZINA<\/strong>; uzbudljivost, pokretljivost djelovanja S\u017dS;<\/span><\/p><p style=\"font-style: normal; font-variant-ligatures: normal; font-variant-caps: normal; font-size: 16px; font-family: &quot;Times New Roman&quot;;\"><span style=\"color: rgb(0, 0, 0);\"><span style=\"font-weight: 400;\">2. <\/span><strong>STABILNOST<\/strong>; ujedna\u010denost reagiranja u funkciji vremena i ja\u010dine podra\u017eaja; fluktuabilnost;<\/span><\/p><p style=\"font-style: normal; font-variant-ligatures: normal; font-variant-caps: normal; font-size: 16px; font-family: &quot;Times New Roman&quot;;\"><span style=\"color: rgb(0, 0, 0);\"><span style=\"font-weight: 400;\">3. <\/span><strong>RAVNOTE\u017dA<\/strong>; ujedna\u010denost djelovanja mehanizama uzbu|enja i ko\u010denja; funkcionalni balans ekscitacije i inhibicije;<\/span><\/p><p style=\"font-style: normal; font-variant-ligatures: normal; font-variant-caps: normal; font-size: 16px; font-family: &quot;Times New Roman&quot;;\"><span style=\"color: rgb(0, 0, 0);\"><span style=\"font-weight: 400;\">4. <\/span><strong>IZDR\u017dLJIVOST<\/strong>; zamorljivost;<\/span><\/p><p style=\"font-style: normal; font-variant-ligatures: normal; font-variant-caps: normal; font-size: 16px; font-family: &quot;Times New Roman&quot;;\"><span style=\"color: rgb(0, 0, 0);\"><span style=\"font-weight: 400;\">5. <\/span><strong>POUZDANOST<\/strong>; to\u010dnost reagiranja; propusti, la\u017ene uzbune.<\/span><\/p><span style=\"color: rgb(0, 0, 0);\"><br><br><\/span><p style=\"font-style: normal; font-variant-ligatures: normal; font-variant-caps: normal; font-size: 16px; font-family: &quot;Times New Roman&quot;;\"><strong style=\"color: rgb(0, 0, 0);\">POZORNOST<\/strong><\/p><p style=\"font-style: normal; font-variant-ligatures: normal; font-variant-caps: normal; font-size: 16px; font-family: &quot;Times New Roman&quot;;\"><span style=\"color: rgb(0, 0, 0);\"><span style=\"font-weight: 400;\">1. <\/span><strong>\u0160IRINA<\/strong>; opseg pozornosti;<\/span><\/p><p style=\"font-style: normal; font-variant-ligatures: normal; font-variant-caps: normal; font-size: 16px; font-family: &quot;Times New Roman&quot;;\"><span style=\"color: rgb(0, 0, 0);\"><span style=\"font-weight: 400;\">2. <\/span><strong>KONCENRACIJA<\/strong>; tenacitet, spontana fluktuacija pozornosti;<\/span><\/p><p style=\"font-style: normal; font-variant-ligatures: normal; font-variant-caps: normal; font-size: 16px; font-family: &quot;Times New Roman&quot;;\"><span style=\"color: rgb(0, 0, 0);\"><span style=\"font-weight: 400;\">3. <\/span><strong>\u017dIVOST<\/strong>; vigilitet, distribucija pozornosti.<\/span><\/p><span style=\"color: rgb(0, 0, 0);\"><br><\/span><p style=\"font-style: normal; font-variant-ligatures: normal; font-variant-caps: normal; font-size: 16px; font-family: &quot;Times New Roman&quot;;\"><strong style=\"color: rgb(0, 0, 0);\">FUNKCIONALNE SMETNJE<\/strong><\/p><p style=\"font-style: normal; font-variant-ligatures: normal; font-variant-caps: normal; font-size: 16px; font-family: &quot;Times New Roman&quot;;\"><span style=\"color: rgb(0, 0, 0);\"><span style=\"font-weight: 400;\">1. <\/span><strong>ZAKO\u010cENOST<\/strong>; rigidnost, funkcionalne blokade, stupor;<\/span><\/p><p style=\"font-style: normal; font-variant-ligatures: normal; font-variant-caps: normal; font-size: 16px; font-family: &quot;Times New Roman&quot;;\"><span style=\"color: rgb(0, 0, 0);\"><span style=\"font-weight: 400;\">2. <\/span><strong>UZBU\u0110ENOST<\/strong>; disocijacija, funkciona inkontinencija;<\/span><\/p><p style=\"font-style: normal; font-variant-ligatures: normal; font-variant-caps: normal; font-size: 16px; font-family: &quot;Times New Roman&quot;;\"><span style=\"color: rgb(0, 0, 0);\"><span style=\"font-weight: 400;\">3. <\/span><strong>PERSEVERACIJA<\/strong>;<\/span><\/p><p style=\"font-style: normal; font-variant-ligatures: normal; font-variant-caps: normal; font-size: 16px; font-family: &quot;Times New Roman&quot;;\"><span style=\"color: rgb(0, 0, 0);\"><span style=\"font-weight: 400;\">4. <\/span><strong>REGRESIJA<\/strong>.<\/span><\/p>\n\n\n","protected":false},"excerpt":{"rendered":"","protected":false},"author":1,"featured_media":0,"parent":0,"menu_order":0,"comment_status":"closed","ping_status":"closed","template":"","meta":{"_monsterinsights_skip_tracking":false,"_monsterinsights_sitenote_active":false,"_monsterinsights_sitenote_note":"","_monsterinsights_sitenote_category":0,"footnotes":""},"class_list":["post-70","page","type-page","status-publish","hentry"],"_links":{"self":[{"href":"https:\/\/www.crd.hr\/wp\/index.php?rest_route=\/wp\/v2\/pages\/70","targetHints":{"allow":["GET"]}}],"collection":[{"href":"https:\/\/www.crd.hr\/wp\/index.php?rest_route=\/wp\/v2\/pages"}],"about":[{"href":"https:\/\/www.crd.hr\/wp\/index.php?rest_route=\/wp\/v2\/types\/page"}],"author":[{"embeddable":true,"href":"https:\/\/www.crd.hr\/wp\/index.php?rest_route=\/wp\/v2\/users\/1"}],"replies":[{"embeddable":true,"href":"https:\/\/www.crd.hr\/wp\/index.php?rest_route=%2Fwp%2Fv2%2Fcomments&post=70"}],"version-history":[{"count":9,"href":"https:\/\/www.crd.hr\/wp\/index.php?rest_route=\/wp\/v2\/pages\/70\/revisions"}],"predecessor-version":[{"id":422,"href":"https:\/\/www.crd.hr\/wp\/index.php?rest_route=\/wp\/v2\/pages\/70\/revisions\/422"}],"wp:attachment":[{"href":"https:\/\/www.crd.hr\/wp\/index.php?rest_route=%2Fwp%2Fv2%2Fmedia&parent=70"}],"curies":[{"name":"wp","href":"https:\/\/api.w.org\/{rel}","templated":true}]}}