{"id":16,"date":"2021-02-09T11:14:41","date_gmt":"2021-02-09T11:14:41","guid":{"rendered":"http:\/\/www.crd.hr\/wp\/?page_id=16"},"modified":"2021-03-02T09:01:40","modified_gmt":"2021-03-02T09:01:40","slug":"home","status":"publish","type":"page","link":"https:\/\/www.crd.hr\/wp\/","title":{"rendered":"Home"},"content":{"rendered":"\n\n\n\n\n\n\n\n\n<h6><br><\/h6><h6>\nCRD SERIJA KRONOMETRIJSKIH TESTOVA KOGNITIVNIH FUNKCIJA<\/h6>\n\n\n\n\n<p>Testovi CRD serije namijenjeni su utvr\u0111ivanju (dijagnostici i pra\u0107enju) vremena i to\u010dnosti ostvarivanja razli\u010ditih mentalnih i psihomotornih funkcija, te dimenzija sposobnosti i funkcionalnih osobitosti aktualizacije individualnog mentalnog potencijala.<\/p><p>Teorijski i sadr\u017eajni okvir konstrukcije zadataka testova CRD serije temelji se na kronometrijskom pristupu istra\u017eivanju strukture i djelovanja pojedinih mehanizama sustava informacijske obrade podra\u017eajnog sadr\u017eaja i vo\u0111enja psihomotori\u010dke aktivnosti, odnosno dinami\u010dkih svojstava i funkcionalnih osobitosti djelovanja sredi\u0161njeg \u017eiv\u010danog sustava.<\/p><br><p>CRD serija sastoji se od 4 elektroni\u010dka instrumenta tipa reakciometra s ukupno 54 signalno-komandna sklopa (S-R) i pripadaju\u0107om opremom za zadavanje originalnih psihodijagnosti\u010dkih testova CRD serije&nbsp;&nbsp;<\/p>\n\n\n\n<p class=\"MsoNormal\"><br><\/p>\n\n\n<h6><br><\/h6>\n\n\n\n\n\n\n\n\n\n\n\n\n<p><span style=\"color: rgb(0, 0, 0);\">Za razliku od klasi\u010dnih testova, testove CRD serije mogu\u0107e je vi\u0161ekratno ponavljati na istom ispitaniku sa istim ishodom odnosno rezultatom testa referiraju\u0107i na CRD (izvedene) pokazatelje.<\/span><\/p><span style=\"color: rgb(0, 0, 0);\"><br><\/span><p style=\"\"><span style=\"color: rgb(0, 0, 0);\">&nbsp;Testovi CRD serije iskazuju dinami\u010dke osobine kognitivnih funkcija pa je tako ve\u0107 nakon jednog testa vidljivo kako je ispitanik rje\u0161avao test. Brzo ili sporo, precizno ili sa pogre\u0161kama, \u0161to se doga\u0111a kada nastupe pogre\u0161ke, da li je ispitanik izdr\u017eljiv ili lako zamorljiv.<\/span><\/p><p style=\"color: rgb(0, 0, 0);\"><br><\/p>\n\n\n\n\n<p><span style=\"color: rgb(0, 0, 0);\">&nbsp;Standardni testovi CRD serije primjenjivi su na ispitanike svih dobnih kategorija, od najmla\u0111e dobi do duboke starosti.\t<\/span><\/p><span style=\"color: rgb(0, 0, 0);\"><br><\/span><p><span style=\"color: rgb(0, 0, 0);\">Testovi se ne oslanjaju na poznavanje jezika, ili neka druga specifi\u010dna znanja.<\/span><\/p><span style=\"color: rgb(0, 0, 0);\"><br><\/span><span style=\"color: rgb(0, 0, 0);\"><br><\/span><p><span style=\"color: rgb(0, 0, 0);\">&nbsp;Nakon zavr\u0161enog testiranja svakog ispitanika mogu\u0107e je automatski usporediti sa normama ili odabranim profilom populacije<span style=\"white-space: pre;\">\t<\/span><br><\/span><\/p><span style=\"color: rgb(0, 0, 0);\"><br><\/span>\n\n\n\n\n<p><span style=\"color: rgb(0, 0, 0);\">Testovi CRD serije i znanstvena metoda za\u0161ti\u0107eni su patentom.<\/span><\/p><p><span style=\"color: rgb(0, 0, 0);\"><br><\/span><\/p><span style=\"color: rgb(0, 0, 0);\"><br><\/span><p><span style=\"color: rgb(0, 0, 0);\">CRD serija prisutna je na tr\u017ei\u0161tu vi\u0161e od 40 godina. Za to vrijeme marljivo smo prikupljali norme i objavljivali znanstvene radove.&nbsp; \u017delite li sa nama ostvariti znanstvenu suradnju kontaktirajte nas na info@crd.hr<\/span><\/p>\n\n\n","protected":false},"excerpt":{"rendered":"","protected":false},"author":1,"featured_media":0,"parent":0,"menu_order":1,"comment_status":"closed","ping_status":"closed","template":"","meta":{"_monsterinsights_skip_tracking":false,"_monsterinsights_sitenote_active":false,"_monsterinsights_sitenote_note":"","_monsterinsights_sitenote_category":0,"footnotes":""},"class_list":["post-16","page","type-page","status-publish","hentry"],"_links":{"self":[{"href":"https:\/\/www.crd.hr\/wp\/index.php?rest_route=\/wp\/v2\/pages\/16","targetHints":{"allow":["GET"]}}],"collection":[{"href":"https:\/\/www.crd.hr\/wp\/index.php?rest_route=\/wp\/v2\/pages"}],"about":[{"href":"https:\/\/www.crd.hr\/wp\/index.php?rest_route=\/wp\/v2\/types\/page"}],"author":[{"embeddable":true,"href":"https:\/\/www.crd.hr\/wp\/index.php?rest_route=\/wp\/v2\/users\/1"}],"replies":[{"embeddable":true,"href":"https:\/\/www.crd.hr\/wp\/index.php?rest_route=%2Fwp%2Fv2%2Fcomments&post=16"}],"version-history":[{"count":53,"href":"https:\/\/www.crd.hr\/wp\/index.php?rest_route=\/wp\/v2\/pages\/16\/revisions"}],"predecessor-version":[{"id":425,"href":"https:\/\/www.crd.hr\/wp\/index.php?rest_route=\/wp\/v2\/pages\/16\/revisions\/425"}],"wp:attachment":[{"href":"https:\/\/www.crd.hr\/wp\/index.php?rest_route=%2Fwp%2Fv2%2Fmedia&parent=16"}],"curies":[{"name":"wp","href":"https:\/\/api.w.org\/{rel}","templated":true}]}}