{"id":15,"date":"2021-02-09T11:14:41","date_gmt":"2021-02-09T11:14:41","guid":{"rendered":"http:\/\/www.crd.hr\/wp\/?page_id=15"},"modified":"2021-03-01T17:30:54","modified_gmt":"2021-03-01T17:30:54","slug":"about-2","status":"publish","type":"page","link":"https:\/\/www.crd.hr\/wp\/?page_id=15","title":{"rendered":"Reference: Knjige, Priru\u010dnici,Istra\u017eivanja"},"content":{"rendered":"\n\n<p><strong style=\"background-color: transparent; font-size: 12px; color: rgb(31, 73, 125);\">dr.sc. Mirko Drenovac, sveu\u010dili\u0161ni ud\u017ebenici:<\/strong><\/p><p><strong style=\"color: rgb(31, 73, 125);\"><br><\/strong><\/p> \n<table style=\"width:100% color:= black\" =\"\"=\"\">\n<tbody><tr>\n <th style=\"width:6%\"><\/th>\n    <th style=\"width:25%\"><span style=\"font-family: Arial, Helvetica, sans-serif; color: rgb(0, 0, 0);\">Kronometrija dinamike mentalnog procesiranja<br><\/span><br><img decoding=\"async\" src=\"http:\/\/www.crd.hr\/wp\/wp-content\/uploads\/2021\/02\/kronometrija240x335.jpg\" alt=\"Kronometrija dinamike mentalnog procesiranja\" pl-media-id=\"147\" width=\"120px\"><br> \n    <\/th>\n<th style=\"width:6%\"><\/th>\n    <th style=\"width:25%\"><span style=\"font-family: Arial, Helvetica, sans-serif; color: rgb(0, 0, 0);\">Anatomija i fiziologija \u017eiv\u010danog sustava<br><\/span><br><img decoding=\"async\" src=\"http:\/\/www.crd.hr\/wp\/wp-content\/uploads\/2021\/02\/knjiga_fiziologija_anatomija240x350.jpg\" alt=\"Anatomija i fiziologija \u017eiv\u010danog sustava\" pl-media-id=\"146\" width=\"120px\"><\/th>\n<th style=\"width:6%\"><\/th>\n    <th style=\"width:25%\"><span style=\"font-family: Arial, Helvetica, sans-serif; color: rgb(0, 0, 0);\">Sportska psihologija<br><\/span><br><img decoding=\"async\" src=\"http:\/\/www.crd.hr\/wp\/wp-content\/uploads\/2021\/02\/psih_sporta240x388.jpg\" alt=\"\" width=\"110px\"><\/th>\n<th style=\"width:6%\"><\/th>\n  <\/tr>\n<\/tbody><\/table>\n\n\n\n\n<p><strong style=\"color: rgb(31, 73, 125);\">priru\u010dnici<\/strong><\/p><p><span style=\"color: rgb(0, 0, 0);\">&#8211; Drenovac M.: Psychodiagnostic CRD-series, User guide with norms, Institute for Productivity, Zagreb, 1972.<\/span><\/p><p><span style=\"color: rgb(0, 0, 0);\">&#8211; Becker M., Drenovac M.: Elektronisches psyichodijagnostisches system, ORGA-DATA, Villinfen; Brussel; Zagreb, 1974.<\/span><\/p><p><span style=\"color: rgb(0, 0, 0);\">&#8211; Mi\u0161 M., \u010cuk M., Kraigher B., Bavde\u017e M., Fink A.: APLIKACIJA CRD- elektronskega psihodiagnosti\u010dkega sistema, Institute for Productivity of Slovenia, Ljubljana, 1984.<\/span><\/p><p><span style=\"color: rgb(0, 0, 0);\">&#8211; Drenovac M.: Psychodiagnostic CRD-series, Institute for Productivity of Slovenia, Ljubljana, 1984.<\/span><\/p><p><span style=\"color: rgb(0, 0, 0);\">&#8211; Drenovac M.: CRD-series of psychodiagnostic tests, AKD, Zagreb, 1994.<\/span><\/p><p><strong><span style=\"color: rgb(0, 0, 0);\"><span style=\"color: rgb(0, 0, 0);\"><span style=\"color: rgb(0, 0, 0);\"><span style=\"color: rgb(0, 0, 0);\"><span style=\"color: rgb(0, 0, 0);\"><span style=\"color: rgb(0, 0, 0);\"><span style=\"color: rgb(0, 0, 0);\"><span style=\"color: rgb(0, 0, 0);\"><span style=\"color: rgb(0, 0, 0);\"><span style=\"color: rgb(0, 0, 0);\"><span style=\"color: rgb(0, 0, 0);\"><span style=\"color: rgb(0, 0, 0);\"><span style=\"color: rgb(0, 0, 0);\"><span style=\"color: rgb(0, 0, 0);\"><span style=\"color: rgb(0, 0, 0);\"><span style=\"color: rgb(0, 0, 0);\"><span style=\"color: rgb(0, 0, 0);\"><span style=\"color: rgb(0, 0, 0);\"><span style=\"color: rgb(0, 0, 0);\"><span style=\"color: rgb(0, 0, 0);\"><span style=\"color: rgb(0, 0, 0);\"><span style=\"color: rgb(0, 0, 0);\"><span style=\"color: rgb(0, 0, 0);\"><span style=\"color: rgb(0, 0, 0);\"><span style=\"color: rgb(0, 0, 0);\"><span style=\"color: rgb(0, 0, 0);\"><span style=\"color: rgb(0, 0, 0);\"><span style=\"color: rgb(0, 0, 0);\"><span style=\"color: rgb(0, 0, 0);\"><span style=\"color: rgb(0, 0, 0);\"><span style=\"color: rgb(0, 0, 0);\"><br><\/span><\/span><\/span><\/span><\/span><\/span><\/span><\/span><\/span><\/span><\/span><\/span><\/span><\/span><\/span><\/span><br><\/span><\/span><\/span><\/span><\/span><\/span><\/span><\/span><\/span><\/span><\/span><\/span><\/span><\/span><\/span><span style=\"color: rgb(31, 73, 125);\">izbor iz disertacija<\/span><\/strong><\/p><p><span style=\"color: rgb(0, 0, 0);\">&#8211; Drenovac M.: Analysis of factors of which subject reactions are consist of during mental activitiy, Faculty of Philosophy, Department of Psychology, University of Zagreb, 1991.<\/span><\/p><p><span style=\"color: rgb(0, 0, 0);\">&#8211; Petri N. M. F.: Mental and psychomotoric changes in divers during scuba-diving at low depth, Medicinski fakultet Sveu\u010dili\u0161ta u Rijeci, 1997.<\/span><\/p><p><span style=\"color: rgb(0, 0, 0);\">&#8211; Bobi\u0107 J.: Neuropsychological methods in evaluation of diffuse and lateral deficits of intellectual functions in alcoholics, Institute for Medical Research and Occupational Health, Zagreb, 1994.<\/span><\/p><p><span style=\"color: rgb(0, 0, 0);\">&#8211; Petranovi\u0107 D.: Utjecaj anemije na kognitivne sposobnosti onkolosko-hematoloskih bolesnika, Medicinski fakultet Sveu\u010dili\u0161ta u Rijeci, 2012.<\/span><\/p><p><span style=\"color: rgb(0, 0, 0);\">&#8211; Dropuli\u0107 N.: Utjecaj dragovoljne 24-satne obustave uzimanja teku\u0107ine na kognitivne i psihomotori\u010dke sposobnosti, Medicinski fakultet Sveu\u010dili\u0161ta u Splitu, 2008.<\/span><\/p><p><span style=\"color: rgb(0, 0, 0);\">&#8211; Me\u0161ko M.: Definiranje posebnosti gibalnih sposobnosti in psiholo\u0161kih zna\u010dilnosti slovenskih voja\u0161kih pilotov, Univerza v Ljubljani, Fakulteta za \u0161port, 2008.&nbsp;<\/span><\/p><span style=\"color: rgb(31, 73, 125);\"><br><\/span><p><strong style=\"color: rgb(31, 73, 125);\">evaluacije i standardizacije<\/strong><\/p><p><span style=\"color: rgb(0, 0, 0);\">&#8211; Ranilovi\u0107 B.: Factor analysis of results from clasics inteligence tests and four CRD-series istruments tests, Institute for Productivity, Zagreb 1973.<\/span><\/p><p><span style=\"color: rgb(0, 0, 0);\">&#8211; Ranilovi\u0107 B.: Comparative analysis of success on CRD-series tests in aberant and control groups, Zagreb, 1973.<\/span><\/p><p><span style=\"color: rgb(0, 0, 0);\">&#8211; Spoelders-Claes R., Coetsier P.: Research note on a new electronic psychodiagnostic system: The Complex Reactionmeter Drenovac Testbattery, ORGA-DATA, Brussel, 1976.<\/span><\/p><p><span style=\"color: rgb(0, 0, 0);\">&#8211; Drenovac M.: Psychodiagnostic equipment evaluation, Project for Railway Transport Company, Institute for Productivity, Zagreb, 1973.<\/span><\/p><p><span style=\"color: rgb(0, 0, 0);\">&#8211; Arneri\u0107 N.: Some experience with determing psychophysical abilities of 7 years old children using CRD-2, CRD-Series Research Survay, Vol. 1., Institute for Productivity of Slovenia, Ljubljana, 1987.<\/span><\/p><p><span style=\"color: rgb(0, 0, 0);\">&#8211; Mate\u0161i\u0107 K., Drenovac M.: Discriminative ability analysis of CRD-series indicators for differentiation of successful from unsuccessful elementary school pupils, Institute for Productivity, Zagreb, 1973.<\/span><\/p><p><span style=\"color: rgb(0, 0, 0);\">&#8211; Hrupelj J.D.: Oil industry workers results standardisation on some CRD-series tests, CRD-Series Research Survay, Vol. 1., Institute for Productivity of Slovenia, Ljubljana, 1987.<\/span><\/p><p><span style=\"color: rgb(0, 0, 0);\">&#8211; Matvoz E.: CRD-series applicability in labour medicine, CRD-Series Research Survay, Vol. 1, Institute for Productivity of Slovenia, Ljubljana, 1987.<\/span><\/p><p><span style=\"color: rgb(0, 0, 0);\">&#8211; Goffin M.: An approach in drivers selection using test baterie CRD, ORGA-DATA, Brussel, 1976.<\/span><\/p><p><span style=\"color: rgb(0, 0, 0);\">&#8211; Strban M.: CRD-series usuability for prediction of success of bus drivers, Fifth Congress of Yugoslav psychologiests, Skoplje, 1975.<\/span><\/p><p><span style=\"color: rgb(0, 0, 0);\">-Drenovac M.: A subject classification attempt in &#8220;personality types&#8221; on the basis of features of speed, strenghts, and stability of task solving on CRD-1 test, ORGA-DATA, Brussel, 1976.<\/span><\/p><br><p><strong style=\"color: rgb(31, 73, 125);\">izbor iz istra\u017eivanja<\/strong><\/p><p><span style=\"color: rgb(0, 0, 0);\">&#8211; Drenovac M., Stojanovi\u0107 D.: Individual differences in working potential mobilisation capability for performing complex intelectual activity, Ergonomija, Ni\u0161, 1976.<\/span><\/p><p><span style=\"color: rgb(0, 0, 0);\">&#8211; Svetina M.: Some experience with CRD-4 usage during examination of workers from transport section, CRD-Series Research Survay, Vol. 1, Institute for Productivity of Slovenia, Ljubljana, 1987.<\/span><\/p><p><span style=\"color: rgb(0, 0, 0);\">&#8211; Drenovac M., Strban M.: Characteristic of complex reaction time in prisoners- traffic regulations offenders, Seventh Days of Psychology in Zadar, Vol. 5, 1989.<\/span><\/p><p><span style=\"color: rgb(0, 0, 0);\">&#8211; \u010cuk M.: Influence of sub-test ordinal number on total result of CRD3b, CRD-Series Research Survay, Vol. 1, Institute for Productivity of Slovenia, Ljubljana, 1987.<\/span><\/p><p><span style=\"color: rgb(0, 0, 0);\">&#8211; Malacko J., Doder D., Vujanovi\u0107 S.:The diferences in the movement structures of kata, fights and mental potentials between boys and girls who train karate, Acta Kinesiologica 4, 2010<\/span><\/p><p><span style=\"color: rgb(0, 0, 0);\">&#8211; Kajtna T., Vuleta D., Pori M, Justin I., Pori P.: Psychological characteristics of Slovene handball goalkeepers, Kinesiology Vol. 44, 2012<\/span><\/p><p><span style=\"color: rgb(0, 0, 0);\">&#8211; Vujanovi\u0107 S., Kalenti\u0107 \u017d., Jovan\u010devi\u0107 V., Sudarov N, Strajni\u0107 B., Golik-Peri\u0107 D., \u0110uki\u0107 B.: Specifi\u010dnosti kognitivnih sposobnosti fudbalskih golmana u odnosu na ostale igra\u010de u timu, Tematski zbornik radova, Univerzitet u Beogradu, 2012<\/span><\/p><p><span style=\"color: rgb(0, 0, 0);\">&#8211; Dimitri\u0107 G., \u010corkalo N., Petrovi\u0107 M., Bogdanovski M., Glavi\u010di\u0107 I.: Brzina reakcije pliva\u010da ma startu u disciplini 50m slobodno, SportMont Vol. 37-39, 2013&nbsp;Crnogorska sportska akademija, 37, 38, 39<\/span><\/p><p><span style=\"color: rgb(0, 0, 0);\">&#8211; Carev, M.; Karanovic, N.; Ujevic, A.; Kardum, G.; Dogas, Z.: Measurements of psychomotor performance of anesthesiologists during the 24\u2010hours in hospital call, European Journal of Anaesthesiology, Vol 24. 2007<\/span><\/p><p><span style=\"color: rgb(0, 0, 0);\">&#8211; Radi\u0107 J,,Ljuti\u0107 D.,Radi\u0107 M., Kova\u010di\u0107 V., Dodig-\u0106urkovi\u0107 K., \u0160ain M.: Kidney transplantation improves cognitive and psychomotor function in adult patients,&nbsp;American Jurnal of Nephrology&nbsp; Vol.34, 2011<\/span><\/p><p><span style=\"color: rgb(0, 0, 0);\">&#8211;&nbsp;\u017debec S., Budimir S., Merka\u0107 M., Szirovicza L., \u017divi\u010dnjak M.: Sex-Specific Age-Related Changes of Information Processing Rate Indicators during Childhood and Adolescence, Coll. Antropol. Vol 38. 2014<\/span><\/p><p><span style=\"color: rgb(0, 0, 0);\">&#8211; Bobi\u0107 J., Pavi\u0107evi\u0107 L.: Psychodiagnostic electronic program CRD 4-A in clinical research, Neuroscience, Suppl to Vol 22(1987):S546&nbsp; &nbsp; &nbsp;<\/span><\/p><p><span style=\"color: rgb(0, 0, 0);\">&#8211; Bobic J., Gomzi M., Radosevic \u2013 Vidacek B., Kanceljak \u2013 Macan B.: Association of neuroticism with sick building syndrome, quality of life and psychomotor performance, Collegium Antropologicum, 33 (2009)2:567-572.<\/span><\/p><span style=\"color: rgb(0, 0, 0);\"><br><\/span><p><strong style=\"color: rgb(0, 0, 0);\">OLOVO<\/strong><\/p><p><span style=\"color: rgb(0, 0, 0);\">&#8211; Prpi\u0107-Maji\u0107 D., Bobi\u0107 J., Pizent A., Jurasovi\u0107 J.: Lead absorption and psychological functions in school children from Zagreb, Int Conference: Environmental pollution and child health: clinical needs and issues for Central and Eastern Europe, Sosnowiec (1996) Abstracts.&nbsp;<\/span><\/p><p><span style=\"color: rgb(0, 0, 0);\">&#8211; Prpi\u0107-Maji\u0107 D., Bobi\u0107 J., \u0160imi\u0107 D., House D. E., Otto D.A., Jurasovi\u0107 J., Pizent A.: Lead absorption and psychological functions in Zagreb (Croatia) school children, Neurotoxicology and Teratology, 22(2000)3: 347-356.<\/span><\/p><p><span style=\"color: rgb(0, 0, 0);\">&#8211; Prpi\u0107-Maji\u0107 D., Bobi\u0107 J., \u0160imi\u0107 D., House D.E., Otto D.A., Jurasovi\u0107 J., Pizent A.: Parental education as a confounder in the assessment of low level lead effect on psychological functions in children. Central European Journal of Public Health, Supplement, Vol.8 (JHEMI vol.44) 2000:69.<\/span><\/p><span style=\"color: rgb(0, 0, 0);\"><br><\/span><p><strong style=\"color: rgb(0, 0, 0);\">PSIHOFARMACIJA<\/strong><\/p><p><span style=\"color: rgb(0, 0, 0);\">&#8211; F., Lindemans I., Huenting, Behets L.: Electronic measurements of psychomotoric functions under influence of psychopharmaca, ORGA-DATA, Brussel, 1976.<\/span><\/p><span style=\"color: rgb(0, 0, 0);\"><br><\/span><p><strong style=\"color: rgb(0, 0, 0);\">PESTICIDI<\/strong><\/p><p><span style=\"color: rgb(0, 0, 0);\">&#8211; Radonji\u0107 V., Kafol R., Ercegovac D., Kocijan\u010di\u0107 R., Ne\u0161kovi\u0107 N.: Some neurophysiological, psychomotoric and psychological indicators in workers exposed for long time to insecticides-cholinesterase inhibitors, Arh. hig. rada toksikol., 36, 1985.<\/span><\/p><span style=\"color: rgb(0, 0, 0);\"><br><\/span><p><strong style=\"color: rgb(0, 0, 0);\">RADIJACIJA<\/strong><\/p><p><span style=\"color: rgb(0, 0, 0);\">&#8211; Bobi\u0107 J., Goldoni J.: Follow-up study in persons occupationally exposed to microwaves &#8211; psychological aspects, 2nd Int Sci Meeting: Microwaves in medicine, Rome, Proceedings (1993):123-126.<\/span><\/p><p><span style=\"color: rgb(0, 0, 0);\">&#8211; Bobi\u0107 J., Goldoni J., Pavi\u0107evi\u0107 L.: Psychodiagnostic series CRD and EEG findings during five years follow up study on radar technicians, 2nd Congress of The European Bioelectromagnetic Association, Bled, Transactions&nbsp;<span style=\"font-size: 12px;\">(1993):19-20.&nbsp; &nbsp; &nbsp; &nbsp; &nbsp;&nbsp;<\/span><\/span><\/p><p><span style=\"color: rgb(0, 0, 0);\">&#8211; Goldoni J., Bobi\u0107 J.: Occupational exposure to microwaves &#8211; psychological effects, International Symposium on New Epidemics in Occupational Health, Abstract Book, Helsinki (1994):92.&nbsp; &nbsp; &nbsp;&nbsp;<\/span><\/p><p><span style=\"color: rgb(0, 0, 0);\">&#8211; Bobi\u0107 J., Ugrenovi\u0107 \u017d.: Complex reactionmeter Drenovac as a screening test for radar control technicians, First International ICOH Conference on Psychosocial Factors at Work,&nbsp; Book of Abstracts, Copenhagen, Denmark (1998):197.<\/span><\/p><span style=\"color: rgb(0, 0, 0);\"><br><\/span><p><strong style=\"color: rgb(0, 0, 0);\">ALKOHOL<\/strong><\/p><p><span style=\"color: rgb(0, 0, 0);\">&#8211; Bobi\u0107 J.: Kognitivni deficiti alkoholi\u010dara, Primijenjena psihologija, 6 (1985)3-4:259-265.<\/span><\/p><p><span style=\"color: rgb(0, 0, 0);\">&#8211; Bobi\u0107 J., Pavi\u0107evi\u0107 L.: Kriti\u010dne vrijednosti nekih psihologijskih mjernih instrumenata pri ocjeni nesposobnosti za rad starijih alkoholi\u010dara, Lije\u010dni\u010dki Vjesnik, 109(1987)6:199-202.<\/span><\/p><p><span style=\"color: rgb(0, 0, 0);\">&#8211; Bobi\u0107 J., Pavi\u0107evi\u0107 L., Drenovac M.: The difference between alcoholics and their healthy equivalent pairs &#8211; psychological approach, Studia Psychologica, 37(1995)5:351-356.<\/span><\/p><p><span style=\"color: rgb(0, 0, 0);\">&#8211; Bobi\u0107 J., Pavi\u0107evi\u0107 L.: Complex reaction time and EEG changes in alcoholics, Arh Hig Rada Toksikol (1996) 47:351-357.<\/span><\/p><p><span style=\"color: rgb(0, 0, 0);\">&#8211; Bobi\u0107 J., Pavi\u0107evi\u0107 L., Drenovac M.: Intellectual deterioration in alcoholics, Eur J Psychiat, 11(1997)1:21-26.&nbsp;<\/span><\/p><p><span style=\"color: rgb(0, 0, 0);\">&#8211; Bobi\u0107 J., Pavi\u0107evi\u0107 L., Gomzi M.: Cognitive functional inefficiency in alcoholics, Studia Psychologica, 42 (2000):105-110.&nbsp;<\/span><\/p><p><span style=\"color: rgb(0, 0, 0);\">&#8211; Bobi\u0107 J., Pavi\u0107evi\u0107 L.: Mental deterioration and encephalography in middle aged alcoholics, 26th International Congress on Occupational Health, Abstracts, Singapore, 2000: PS6:62.<\/span><\/p><p><span style=\"color: rgb(0, 0, 0);\">&#8211; Bobi\u0107 J., Pavi\u0107evi\u0107 L., Gomzi M.: The difference in complex psychomotor reaction time between patients with and without signs of cerebral circulatory disorders, Collegium Antropologicum, 26 (2002) 2:515-520.&nbsp;<\/span><\/p><p><span style=\"color: rgb(0, 0, 0);\">&#8211; Bobi\u0107 J., Gomzi M.: Memory and concentration efficiency in workers professionally exposed to xylene, Studia Psychologica, 46(2004)1:65-71.<\/span><\/p><p><strong style=\"color: rgb(0, 0, 0);\"><br><\/strong><\/p><p><strong style=\"color: rgb(0, 0, 0);\">ZDRAVLJE<\/strong><\/p><p><span style=\"color: rgb(0, 0, 0);\">&#8211; Drenovac M.: Relation between appraisal of ones own health and psychonerves process functional features, Days of psychology in Zadar, 1981.<\/span><\/p><span style=\"color: rgb(0, 0, 0);\"><br><\/span><p><strong style=\"color: rgb(0, 0, 0);\">HIPERTENZIJA<\/strong><\/p><p><span style=\"color: rgb(0, 0, 0);\">&#8211; Tak\u0161i\u0107 V., Mimica I.: Blood pressure effect od CRD-series tests results, CRD-Series Research Survay, Vol. 1, Institute for Productivity of Slovenia, Ljubljana, 1987.<\/span><\/p><span style=\"color: rgb(0, 0, 0);\"><br><\/span><p><strong style=\"color: rgb(0, 0, 0);\">UREMIA<\/strong><\/p><p><span style=\"color: rgb(0, 0, 0);\">&#8211; Milutinovi\u0107 S., Krpan D., Milutinovi\u0107 E., Prot F., Drenovac M., Gluhini\u0107 M. Cognitive abilities and reaction time in dialysis patients, XXXIV Congress of the ERA (European Renal Association)-EDTA, September, Jerusalem-Israel 1997.<\/span><\/p><span style=\"color: rgb(0, 0, 0);\"><br><\/span><p><strong style=\"color: rgb(0, 0, 0);\">STRES<\/strong><\/p><p><span style=\"color: rgb(0, 0, 0);\">&#8211; Goldoni J., Bobi\u0107 J., Bijeli\u0107 M.: Psychological profiles and subjective complaints in part-time and full-time VDT users, Work With Display Units, Abstract Book, Berlin (1992): P-12.<\/span><\/p><span style=\"color: rgb(0, 0, 0);\"><br><\/span><p><span style=\"color: rgb(0, 0, 0);\">&#8211; Bobi\u0107 J., Pavi\u0107evi\u0107 L., Drenovac M.: Some psychological consequences of war imprisonment, Studia Psychologica&nbsp; 39(1997) 1:45-51.&nbsp;&nbsp;<\/span><\/p><span style=\"color: rgb(0, 0, 0);\"><br><\/span><p><span style=\"color: rgb(0, 0, 0);\">&#8211; Bobi\u0107 J., Pavi\u0107evi\u0107 L., Gomzi M.: Cognitive performance and post-traumatic stress disorder in persons exposed to war and imprisonment, Studia Psychologica, 45 (2003) 2:111-19.<\/span><\/p><span style=\"color: rgb(0, 0, 0);\"><br><\/span><p><strong style=\"color: rgb(0, 0, 0);\">LI\u010cNOST<\/strong><\/p><p><span style=\"color: rgb(0, 0, 0);\">&#8211; Drenovac M.: Examination of relation between dynamism and stability of psychonerve functions and dimension of extravertism-intravertism and neuroticism, Days of psychology in Zadar, 1981.<\/span><\/p><span style=\"color: rgb(0, 0, 0);\"><br><\/span><p><strong style=\"color: rgb(0, 0, 0);\">MENSTRUALNI CIKLUS<\/strong><\/p><p><span style=\"color: rgb(0, 0, 0);\">&#8211; Arnold P.M., Becker D., Creutzfeldt O., Langenstein S., Tirsh W., Wuttke W.: Changes in eeg and mental capacity during menstrual cycle in women with and without oral contraception, 29. Kongres der Deutchen Gesellschaft fur Psychologie, Salzburg, September 1974.<\/span><\/p><span style=\"color: rgb(0, 0, 0);\"><br><\/span><p><strong style=\"color: rgb(0, 0, 0);\">STARENJE<\/strong><\/p><p><span style=\"color: rgb(0, 0, 0);\">&#8211; Drenovac M. and Zajc M.: The efficiency of cognitive functioning accross different age groups, \u010covjek i promet, Vol.18, Br. 1-4 1992.<\/span><\/p><br><p><strong style=\"color: rgb(0, 0, 0);\">RADNO OPTERE\u0106ENJE I SPOSOBNOST<\/strong><\/p><p><span style=\"color: rgb(0, 0, 0);\">&#8211; Drenovac S., Drenovac M.: Performance fluctuation in dispatchers during solving mental and psychomotoric tasks in the course of 12 hours daily and night shift, \u010covjek i promet, Vol.15, Br. 3, 1989.<\/span><\/p><p><span style=\"color: rgb(0, 0, 0);\">&#8211; Lu\u010danin D., Mate\u0161i\u0107 K.: Daily variations in work efficiency on short-time memory examination tasks, Days of Ramiro Bujas, Zagreb, 1980.<\/span><\/p><p><span style=\"color: rgb(0, 0, 0);\">&#8211; Drenovac M., Drenovac S.: Achievement on time restricted tests as the function of previous working load, Fifth Congress of Yugoslav psychologiests, Vol. 2., Skoplje 1976.<\/span><\/p><p><span style=\"color: rgb(0, 0, 0);\">&#8211; Drenovac M.: Mental functions variations particularity in conditions of working in shifts, Institut for productivity, Zagreb 1976.<\/span><\/p><p><span style=\"color: rgb(0, 0, 0);\">&#8211; Drenovac M., Drenovac S.: Diesel and electric locomotive engine driver working capability changes during working time, \u010covjek i promet, vol. 2, No.3, 1976.<\/span><\/p><p><span style=\"color: rgb(0, 0, 0);\">&#8211; Drenovac S., Drenovac M.: Odnos dinami\u010dkog tipa mentalnog procesiranja i u\u010destalosti prometnih nezgoda, XVII. Dani Ramira i Zorana Bujasa, Zagreb, 2005.<\/span><\/p><span style=\"color: rgb(31, 73, 125);\"><br><\/span><p><strong style=\"color: rgb(31, 73, 125);\">izbor iz \u010dlanaka i rasprava<\/strong><\/p><p><span style=\"color: rgb(0, 0, 0);\">&#8211; Drenovac M.: CRD-serie results interpretation ilustration using test solving dynamic indicators, CRD-Series Research Survay, Vol. 1, Institute for Productivity of Slovenia, Ljubljana, 1987.<\/span><\/p><p><span style=\"color: rgb(0, 0, 0);\">&#8211; Drenovac M.: CRD tests batteries in different application, CRD-Series Research Survay, Vol. 1, Institute for Productivity of Slovenia, 1987.<\/span><\/p><p><span style=\"color: rgb(0, 0, 0);\">&#8211; Kraigher B.: How traffic psychologists are using CRD-series, CRD-Series Research Survay, Vol. 1, Institute for Productivity of Slovenia, Ljubljana, 1987.<\/span><\/p><p><span style=\"color: rgb(0, 0, 0);\">&#8211; Baloh S.: How work medicine psychologists are using CRD, CRD-Series Research Survay, Vol. 1, Institute for Productivity of Slovenia, Ljubljana, 1987.<\/span><\/p><p><span style=\"color: rgb(0, 0, 0);\">&#8211; Bobi\u0107 J.: Cognitive deficits in alcoholics, Second international Symposium on Neurobehavorial in Occupational and Environmental Health. Kafol-Matakovi\u0107 R.: CRD in clinical practice, Portoro\u017e, 1980.<\/span><\/p><p><span style=\"color: rgb(0, 0, 0);\">&#8211; Drenovac M.: Some non-diagnostic CRD-series applications, CRD-Series Research Survay, Vol. 1, Institute for Productivity of Slovenia, Ljubljana, 1987.<\/span><\/p><p><span style=\"color: rgb(0, 0, 0);\">&#8211; Drenovac M.: Research of attributs of mental processing dynamics, Psychology at the Turn of the Millennium, Pech, 1999.<\/span><\/p><p><span style=\"color: rgb(0, 0, 0);\">&#8211; Drenovac M., Petri N.M.: Research of effect of hyperbaric pressure on dynamics and efficiency of complex mental processing, Proceedings, 36th IAMPS, Zagreb, 2001.<\/span><\/p><p><span style=\"color: rgb(0, 0, 0);\">&#8211; Drenovac M.: Computerized Simulation of Cognitive Function in the Reasherch of Human-Computer Relations, INES 2002, Opatija, 2002.<\/span><\/p><p><span style=\"color: rgb(0, 0, 0);\">&#8211; Drenovac M.: Op\u0107a problematika modeliranja i simulacije mentalnog procesiranja u sustavu \u010dovjek-kompjuter, Radionica: Neuronske mre\u017ee i simulacije u vojnoj primjeni, Vara\u017edin, 2004.<\/span><\/p><p><span style=\"color: rgb(0, 0, 0);\">&#8211; Karpljuk D., Me\u0161ko M., Videm\u0161ek M., Tjavc S.:Military Aviation Personnel Selection, CISM-Prague, 2009.<\/span><\/p>\n\n\n","protected":false},"excerpt":{"rendered":"","protected":false},"author":1,"featured_media":0,"parent":0,"menu_order":3,"comment_status":"closed","ping_status":"closed","template":"","meta":{"_monsterinsights_skip_tracking":false,"_monsterinsights_sitenote_active":false,"_monsterinsights_sitenote_note":"","_monsterinsights_sitenote_category":0,"footnotes":""},"class_list":["post-15","page","type-page","status-publish","hentry"],"_links":{"self":[{"href":"https:\/\/www.crd.hr\/wp\/index.php?rest_route=\/wp\/v2\/pages\/15","targetHints":{"allow":["GET"]}}],"collection":[{"href":"https:\/\/www.crd.hr\/wp\/index.php?rest_route=\/wp\/v2\/pages"}],"about":[{"href":"https:\/\/www.crd.hr\/wp\/index.php?rest_route=\/wp\/v2\/types\/page"}],"author":[{"embeddable":true,"href":"https:\/\/www.crd.hr\/wp\/index.php?rest_route=\/wp\/v2\/users\/1"}],"replies":[{"embeddable":true,"href":"https:\/\/www.crd.hr\/wp\/index.php?rest_route=%2Fwp%2Fv2%2Fcomments&post=15"}],"version-history":[{"count":30,"href":"https:\/\/www.crd.hr\/wp\/index.php?rest_route=\/wp\/v2\/pages\/15\/revisions"}],"predecessor-version":[{"id":418,"href":"https:\/\/www.crd.hr\/wp\/index.php?rest_route=\/wp\/v2\/pages\/15\/revisions\/418"}],"wp:attachment":[{"href":"https:\/\/www.crd.hr\/wp\/index.php?rest_route=%2Fwp%2Fv2%2Fmedia&parent=15"}],"curies":[{"name":"wp","href":"https:\/\/api.w.org\/{rel}","templated":true}]}}